{"id":189,"date":"2022-01-17T09:36:51","date_gmt":"2022-01-17T06:36:51","guid":{"rendered":"https:\/\/www.volisse.com\/tr\/?page_id=189"},"modified":"2022-02-19T17:10:21","modified_gmt":"2022-02-19T14:10:21","slug":"kurumsal","status":"publish","type":"page","link":"https:\/\/www.volisse.com\/tr\/kurumsal\/","title":{"rendered":"Kurumsal"},"content":{"rendered":"\t\t<div data-elementor-type=\"wp-page\" data-elementor-id=\"189\" class=\"elementor elementor-189\">\n\t\t\t\t\t\t<section class=\"elementor-section elementor-top-section elementor-element elementor-element-628826e elementor-section-boxed elementor-section-height-default elementor-section-height-default\" data-id=\"628826e\" data-element_type=\"section\" data-e-type=\"section\">\n\t\t\t\t\t\t<div class=\"elementor-container elementor-column-gap-default\">\n\t\t\t\t\t<div class=\"elementor-column elementor-col-100 elementor-top-column elementor-element elementor-element-7351c1b\" data-id=\"7351c1b\" data-element_type=\"column\" data-e-type=\"column\">\n\t\t\t<div class=\"elementor-widget-wrap elementor-element-populated\">\n\t\t\t\t\t\t<div class=\"elementor-element elementor-element-71c7ccc elementor-widget elementor-widget-elementskit-heading\" data-id=\"71c7ccc\" data-element_type=\"widget\" data-e-type=\"widget\" data-widget_type=\"elementskit-heading.default\">\n\t\t\t\t<div class=\"elementor-widget-container\">\n\t\t\t\t\t<div class=\"ekit-wid-con\" ><div class=\"ekit-heading elementskit-section-title-wraper text_center   ekit_heading_tablet-text_center   ekit_heading_mobile-text_center\"><h1 class=\"ekit-heading--title elementskit-section-title \">Kurumsal<\/h1><\/div><\/div>\t\t\t\t<\/div>\n\t\t\t\t<\/div>\n\t\t\t\t\t<\/div>\n\t\t<\/div>\n\t\t\t\t\t<\/div>\n\t\t<\/section>\n\t\t\t\t<section class=\"elementor-section elementor-top-section elementor-element elementor-element-45b50b9 elementor-section-boxed elementor-section-height-default elementor-section-height-default\" data-id=\"45b50b9\" data-element_type=\"section\" data-e-type=\"section\">\n\t\t\t\t\t\t<div class=\"elementor-container elementor-column-gap-default\">\n\t\t\t\t\t<div class=\"elementor-column elementor-col-50 elementor-top-column elementor-element elementor-element-f8c45e8\" data-id=\"f8c45e8\" data-element_type=\"column\" data-e-type=\"column\">\n\t\t\t<div class=\"elementor-widget-wrap elementor-element-populated\">\n\t\t\t\t\t\t<div class=\"elementor-element elementor-element-208a2d3 elementor-widget elementor-widget-image\" data-id=\"208a2d3\" data-element_type=\"widget\" data-e-type=\"widget\" data-widget_type=\"image.default\">\n\t\t\t\t<div class=\"elementor-widget-container\">\n\t\t\t\t\t\t\t\t\t\t\t\t\t\t\t<img fetchpriority=\"high\" decoding=\"async\" width=\"500\" height=\"750\" src=\"https:\/\/www.volisse.com\/tr\/wp-content\/uploads\/2022\/02\/about-us.jpg\" class=\"attachment-large size-large wp-image-1082\" alt=\"\" srcset=\"https:\/\/www.volisse.com\/tr\/wp-content\/uploads\/2022\/02\/about-us.jpg 500w, https:\/\/www.volisse.com\/tr\/wp-content\/uploads\/2022\/02\/about-us-300x450.jpg 300w, https:\/\/www.volisse.com\/tr\/wp-content\/uploads\/2022\/02\/about-us-200x300.jpg 200w\" sizes=\"(max-width: 500px) 100vw, 500px\" \/>\t\t\t\t\t\t\t\t\t\t\t\t\t\t\t<\/div>\n\t\t\t\t<\/div>\n\t\t\t\t\t<\/div>\n\t\t<\/div>\n\t\t\t\t<div class=\"elementor-column elementor-col-50 elementor-top-column elementor-element elementor-element-421a7f3\" data-id=\"421a7f3\" data-element_type=\"column\" data-e-type=\"column\">\n\t\t\t<div class=\"elementor-widget-wrap elementor-element-populated\">\n\t\t\t\t\t\t<section class=\"elementor-section elementor-inner-section elementor-element elementor-element-c2e8bf4 elementor-section-boxed elementor-section-height-default elementor-section-height-default\" data-id=\"c2e8bf4\" data-element_type=\"section\" data-e-type=\"section\">\n\t\t\t\t\t\t<div class=\"elementor-container elementor-column-gap-no\">\n\t\t\t\t\t<div class=\"elementor-column elementor-col-100 elementor-inner-column elementor-element elementor-element-879a640\" data-id=\"879a640\" data-element_type=\"column\" data-e-type=\"column\">\n\t\t\t<div class=\"elementor-widget-wrap elementor-element-populated\">\n\t\t\t\t\t\t<div class=\"elementor-element elementor-element-8d851e1 elementor-blockquote--skin-quotation elementor-blockquote--align-center elementor-blockquote--button-color-custom elementor-widget elementor-widget-blockquote\" data-id=\"8d851e1\" data-element_type=\"widget\" data-e-type=\"widget\" data-widget_type=\"blockquote.default\">\n\t\t\t\t<div class=\"elementor-widget-container\">\n\t\t\t\t\t\t\t<blockquote class=\"elementor-blockquote\">\n\t\t\t<p class=\"elementor-blockquote__content\">\n\t\t\t\tHakk\u0131m\u0131zda\t\t\t<\/p>\n\t\t\t\t\t<\/blockquote>\n\t\t\t\t\t\t<\/div>\n\t\t\t\t<\/div>\n\t\t\t\t<div class=\"elementor-element elementor-element-504577b elementor-widget elementor-widget-text-editor\" data-id=\"504577b\" data-element_type=\"widget\" data-e-type=\"widget\" data-widget_type=\"text-editor.default\">\n\t\t\t\t<div class=\"elementor-widget-container\">\n\t\t\t\t\t\t\t\t\t<div class=\"page\" title=\"Page 2\"><div class=\"layoutArea\"><div class=\"column\"><p>1994 y\u0131l\u0131nda Mesut Yaylal\u0131 ile kurulan Simge Tekstil tu\u0308m mu\u0308s\u0327terilerine ev tekstil u\u0308ru\u0308nlerinde kaliteli ve gu\u0308venilir u\u0308retici pozisyonunda hizmet vererek, sekto\u0308rde yerini alm\u0131s\u0327t\u0131r.Merkezi Tu\u0308rkiye \/ Denizli s\u0327ehridir.Zamans\u0131z tu\u0308m mu\u0308s\u0327terilerine u\u0308reterek keyifle hizmet sunmaya devam etmektedir.<br \/><br \/>2020 y\u0131l\u0131nda yeni bir olus\u0327uma giren Simge Tekstil (Volisse Simge Tekstil markas\u0131d\u0131r.)<br \/>yeni olus\u0327um ile hizmet vermeye devam etmektedir.Bir fark ile ! art\u0131k tasar\u0131m\u0131n da kendi bu\u0308nyesinde bulunduran ve a &#8211; z\u2019 ye tu\u0308m as\u0327amalar da mu\u0308s\u0327terilerine destek veren bir u\u0308retici konumundad\u0131r.<\/p><p>Tekstil u\u0308retimine olan tutkumuz,<br \/>Mu\u0308s\u0327teri taleplerine memnuniyetle verebildig\u0306imiz cevapt\u0131r.<\/p><\/div><\/div><\/div><p><img decoding=\"async\" class=\"alignright wp-image-1086\" src=\"https:\/\/www.volisse.com\/tr\/wp-content\/uploads\/2022\/02\/simge-tekstil.png\" alt=\"\" width=\"200\" height=\"45\" \/><\/p>\t\t\t\t\t\t\t\t<\/div>\n\t\t\t\t<\/div>\n\t\t\t\t\t<\/div>\n\t\t<\/div>\n\t\t\t\t\t<\/div>\n\t\t<\/section>\n\t\t\t\t\t<\/div>\n\t\t<\/div>\n\t\t\t\t\t<\/div>\n\t\t<\/section>\n\t\t\t\t<\/div>\n\t\t","protected":false},"excerpt":{"rendered":"<p>Kurumsal Hakk\u0131m\u0131zda 1994 y\u0131l\u0131nda Mesut Yaylal\u0131 ile kurulan Simge Tekstil tu\u0308m mu\u0308s\u0327terilerine ev tekstil u\u0308ru\u0308nlerinde kaliteli ve gu\u0308venilir u\u0308retici pozisyonunda hizmet vererek, sekto\u0308rde yerini alm\u0131s\u0327t\u0131r.Merkezi Tu\u0308rkiye \/ Denizli s\u0327ehridir.Zamans\u0131z tu\u0308m mu\u0308s\u0327terilerine u\u0308reterek keyifle hizmet sunmaya devam etmektedir. 2020 y\u0131l\u0131nda yeni bir olus\u0327uma giren Simge Tekstil (Volisse Simge Tekstil markas\u0131d\u0131r.)yeni olus\u0327um ile hizmet vermeye devam etmektedir.Bir [&hellip;]<\/p>\n","protected":false},"author":1,"featured_media":0,"parent":0,"menu_order":0,"comment_status":"closed","ping_status":"closed","template":"elementor_header_footer","meta":{"footnotes":""},"class_list":["post-189","page","type-page","status-publish","hentry"],"_links":{"self":[{"href":"https:\/\/www.volisse.com\/tr\/wp-json\/wp\/v2\/pages\/189","targetHints":{"allow":["GET"]}}],"collection":[{"href":"https:\/\/www.volisse.com\/tr\/wp-json\/wp\/v2\/pages"}],"about":[{"href":"https:\/\/www.volisse.com\/tr\/wp-json\/wp\/v2\/types\/page"}],"author":[{"embeddable":true,"href":"https:\/\/www.volisse.com\/tr\/wp-json\/wp\/v2\/users\/1"}],"replies":[{"embeddable":true,"href":"https:\/\/www.volisse.com\/tr\/wp-json\/wp\/v2\/comments?post=189"}],"version-history":[{"count":75,"href":"https:\/\/www.volisse.com\/tr\/wp-json\/wp\/v2\/pages\/189\/revisions"}],"predecessor-version":[{"id":2207,"href":"https:\/\/www.volisse.com\/tr\/wp-json\/wp\/v2\/pages\/189\/revisions\/2207"}],"wp:attachment":[{"href":"https:\/\/www.volisse.com\/tr\/wp-json\/wp\/v2\/media?parent=189"}],"curies":[{"name":"wp","href":"https:\/\/api.w.org\/{rel}","templated":true}]}}